{"id":780,"date":"2020-11-26T07:50:59","date_gmt":"2020-11-26T07:50:59","guid":{"rendered":"https:\/\/carepure.at\/?page_id=780"},"modified":"2024-07-02T12:48:17","modified_gmt":"2024-07-02T12:48:17","slug":"home","status":"publish","type":"page","link":"https:\/\/carepure.at\/index.php\/home\/","title":{"rendered":"Home"},"content":{"rendered":"\t\t<div data-elementor-type=\"wp-post\" data-elementor-id=\"780\" class=\"elementor elementor-780\">\n\t\t\t\t\t\t<section class=\"elementor-section elementor-top-section elementor-element elementor-element-af1d15e elementor-section-boxed elementor-section-height-default elementor-section-height-default\" data-id=\"af1d15e\" data-element_type=\"section\" data-e-type=\"section\">\n\t\t\t\t\t\t<div class=\"elementor-container elementor-column-gap-default\">\n\t\t\t\t\t<div class=\"aux-parallax-section elementor-column elementor-col-16 elementor-top-column elementor-element elementor-element-2f9b2d5\" data-id=\"2f9b2d5\" data-element_type=\"column\" data-e-type=\"column\">\n\t\t\t<div class=\"elementor-widget-wrap elementor-element-populated\">\n\t\t\t\t\t\t<div class=\"elementor-element elementor-element-8027041 elementor-widget elementor-widget-spacer\" data-id=\"8027041\" data-element_type=\"widget\" data-e-type=\"widget\" data-widget_type=\"spacer.default\">\n\t\t\t\t<div class=\"elementor-widget-container\">\n\t\t\t\t\t\t\t<div class=\"elementor-spacer\">\n\t\t\t<div class=\"elementor-spacer-inner\"><\/div>\n\t\t<\/div>\n\t\t\t\t\t\t<\/div>\n\t\t\t\t<\/div>\n\t\t\t\t\t<\/div>\n\t\t<\/div>\n\t\t\t\t<div class=\"aux-parallax-section elementor-column elementor-col-66 elementor-top-column elementor-element elementor-element-decc1cb\" data-id=\"decc1cb\" data-element_type=\"column\" data-e-type=\"column\">\n\t\t\t<div class=\"elementor-widget-wrap\">\n\t\t\t\t\t\t\t<\/div>\n\t\t<\/div>\n\t\t\t\t<div class=\"aux-parallax-section elementor-column elementor-col-16 elementor-top-column elementor-element elementor-element-320c238\" data-id=\"320c238\" data-element_type=\"column\" data-e-type=\"column\">\n\t\t\t<div class=\"elementor-widget-wrap\">\n\t\t\t\t\t\t\t<\/div>\n\t\t<\/div>\n\t\t\t\t\t<\/div>\n\t\t<\/section>\n\t\t\t\t<section class=\"elementor-section elementor-top-section elementor-element elementor-element-a69813a elementor-section-boxed elementor-section-height-default elementor-section-height-default\" data-id=\"a69813a\" data-element_type=\"section\" data-e-type=\"section\">\n\t\t\t\t\t\t<div class=\"elementor-container elementor-column-gap-default\">\n\t\t\t\t\t<div class=\"aux-parallax-section elementor-column elementor-col-100 elementor-top-column elementor-element elementor-element-18b0df9\" data-id=\"18b0df9\" data-element_type=\"column\" data-e-type=\"column\">\n\t\t\t<div class=\"elementor-widget-wrap elementor-element-populated\">\n\t\t\t\t\t\t<div class=\"elementor-element elementor-element-1f710d4 elementor-widget elementor-widget-image\" data-id=\"1f710d4\" data-element_type=\"widget\" data-e-type=\"widget\" data-widget_type=\"image.default\">\n\t\t\t\t<div class=\"elementor-widget-container\">\n\t\t\t\t\t\t\t\t\t\t\t\t\t\t\t<img decoding=\"async\" src=\"https:\/\/carepure.at\/wp-content\/uploads\/2020\/11\/24-stunden-pflege-main_xl.jpg\" title=\"24-stunden-pflege-main_xl\" alt=\"Titelbild 24 stunden pflege carepure gro\u00dfe aufl\u00f6sung\" loading=\"lazy\" \/>\t\t\t\t\t\t\t\t\t\t\t\t\t\t\t<\/div>\n\t\t\t\t<\/div>\n\t\t\t\t<div class=\"elementor-element elementor-element-ffe12e9 elementor-widget elementor-widget-spacer\" data-id=\"ffe12e9\" data-element_type=\"widget\" data-e-type=\"widget\" data-widget_type=\"spacer.default\">\n\t\t\t\t<div class=\"elementor-widget-container\">\n\t\t\t\t\t\t\t<div class=\"elementor-spacer\">\n\t\t\t<div class=\"elementor-spacer-inner\"><\/div>\n\t\t<\/div>\n\t\t\t\t\t\t<\/div>\n\t\t\t\t<\/div>\n\t\t\t\t\t<\/div>\n\t\t<\/div>\n\t\t\t\t\t<\/div>\n\t\t<\/section>\n\t\t\t\t<section class=\"elementor-section elementor-top-section elementor-element elementor-element-2bf23ba elementor-section-boxed elementor-section-height-default elementor-section-height-default\" data-id=\"2bf23ba\" data-element_type=\"section\" data-e-type=\"section\">\n\t\t\t\t\t\t<div class=\"elementor-container elementor-column-gap-default\">\n\t\t\t\t\t<div class=\"aux-parallax-section elementor-column elementor-col-20 elementor-top-column elementor-element elementor-element-2617c44\" data-id=\"2617c44\" data-element_type=\"column\" data-e-type=\"column\">\n\t\t\t<div class=\"elementor-widget-wrap\">\n\t\t\t\t\t\t\t<\/div>\n\t\t<\/div>\n\t\t\t\t<div class=\"aux-parallax-section elementor-column elementor-col-20 elementor-top-column elementor-element elementor-element-19b640c\" data-id=\"19b640c\" data-element_type=\"column\" data-e-type=\"column\">\n\t\t\t<div class=\"elementor-widget-wrap elementor-element-populated\">\n\t\t\t\t\t\t<div class=\"elementor-element elementor-element-ea6cfe9 elementor-widget elementor-widget-image\" data-id=\"ea6cfe9\" data-element_type=\"widget\" data-e-type=\"widget\" data-widget_type=\"image.default\">\n\t\t\t\t<div class=\"elementor-widget-container\">\n\t\t\t\t\t\t\t\t\t\t\t\t\t\t\t<img decoding=\"async\" width=\"150\" height=\"150\" src=\"https:\/\/carepure.at\/wp-content\/uploads\/2020\/11\/carepure_pflegerin_24h_betreuung-150x150.png\" class=\"attachment-thumbnail size-thumbnail wp-image-715\" alt=\"24 Stunden Pflege\" srcset=\"https:\/\/carepure.at\/wp-content\/uploads\/2020\/11\/carepure_pflegerin_24h_betreuung-150x150.png 150w, https:\/\/carepure.at\/wp-content\/uploads\/2020\/11\/carepure_pflegerin_24h_betreuung-100x100.png 100w, https:\/\/carepure.at\/wp-content\/uploads\/2020\/11\/carepure_pflegerin_24h_betreuung.png 207w\" sizes=\"(max-width: 150px) 100vw, 150px\" \/>\t\t\t\t\t\t\t\t\t\t\t\t\t\t\t<\/div>\n\t\t\t\t<\/div>\n\t\t\t\t<div class=\"elementor-element elementor-element-f651cb6 elementor-widget elementor-widget-heading\" data-id=\"f651cb6\" data-element_type=\"widget\" data-e-type=\"widget\" data-widget_type=\"heading.default\">\n\t\t\t\t<div class=\"elementor-widget-container\">\n\t\t\t\t\t<h4 class=\"elementor-heading-title elementor-size-default\">24h Betreuung<\/h4>\t\t\t\t<\/div>\n\t\t\t\t<\/div>\n\t\t\t\t<div class=\"elementor-element elementor-element-6ce6890 elementor-widget elementor-widget-text-editor\" data-id=\"6ce6890\" data-element_type=\"widget\" data-e-type=\"widget\" data-widget_type=\"text-editor.default\">\n\t\t\t\t<div class=\"elementor-widget-container\">\n\t\t\t\t\t\t\t\t\t<p>Wir vermitteln die ideale 24 Stunden Betreuung und Pflege f\u00fcr Sie oder Ihre Angeh\u00f6rigen.<\/p>\t\t\t\t\t\t\t\t<\/div>\n\t\t\t\t<\/div>\n\t\t\t\t\t<\/div>\n\t\t<\/div>\n\t\t\t\t<div class=\"aux-parallax-section elementor-column elementor-col-20 elementor-top-column elementor-element elementor-element-31f2c07\" data-id=\"31f2c07\" data-element_type=\"column\" data-e-type=\"column\">\n\t\t\t<div class=\"elementor-widget-wrap elementor-element-populated\">\n\t\t\t\t\t\t<div class=\"elementor-element elementor-element-128f378 elementor-widget elementor-widget-image\" data-id=\"128f378\" data-element_type=\"widget\" data-e-type=\"widget\" data-widget_type=\"image.default\">\n\t\t\t\t<div class=\"elementor-widget-container\">\n\t\t\t\t\t\t\t\t\t\t\t\t\t\t\t<img decoding=\"async\" width=\"150\" height=\"150\" src=\"https:\/\/carepure.at\/wp-content\/uploads\/2020\/11\/carepure_haushalt_24h_betreuung-150x150.png\" class=\"attachment-thumbnail size-thumbnail wp-image-714\" alt=\"Haushalts\" srcset=\"https:\/\/carepure.at\/wp-content\/uploads\/2020\/11\/carepure_haushalt_24h_betreuung-150x150.png 150w, https:\/\/carepure.at\/wp-content\/uploads\/2020\/11\/carepure_haushalt_24h_betreuung-100x100.png 100w, https:\/\/carepure.at\/wp-content\/uploads\/2020\/11\/carepure_haushalt_24h_betreuung.png 208w\" sizes=\"(max-width: 150px) 100vw, 150px\" \/>\t\t\t\t\t\t\t\t\t\t\t\t\t\t\t<\/div>\n\t\t\t\t<\/div>\n\t\t\t\t<div class=\"elementor-element elementor-element-50a18d8 elementor-widget elementor-widget-heading\" data-id=\"50a18d8\" data-element_type=\"widget\" data-e-type=\"widget\" data-widget_type=\"heading.default\">\n\t\t\t\t<div class=\"elementor-widget-container\">\n\t\t\t\t\t<h4 class=\"elementor-heading-title elementor-size-default\">Haushaltsversorgung<\/h4>\t\t\t\t<\/div>\n\t\t\t\t<\/div>\n\t\t\t\t<div class=\"elementor-element elementor-element-c4cfa02 elementor-widget elementor-widget-text-editor\" data-id=\"c4cfa02\" data-element_type=\"widget\" data-e-type=\"widget\" data-widget_type=\"text-editor.default\">\n\t\t\t\t<div class=\"elementor-widget-container\">\n\t\t\t\t\t\t\t\t\t<p>Unsere Pfleger\/innen versorgen die zu betreuende Person mit den wichtigsten Lebensmitteln usw.<\/p>\t\t\t\t\t\t\t\t<\/div>\n\t\t\t\t<\/div>\n\t\t\t\t\t<\/div>\n\t\t<\/div>\n\t\t\t\t<div class=\"aux-parallax-section elementor-column elementor-col-20 elementor-top-column elementor-element elementor-element-17b4a60\" data-id=\"17b4a60\" data-element_type=\"column\" data-e-type=\"column\">\n\t\t\t<div class=\"elementor-widget-wrap elementor-element-populated\">\n\t\t\t\t\t\t<div class=\"elementor-element elementor-element-8080a33 elementor-widget elementor-widget-image\" data-id=\"8080a33\" data-element_type=\"widget\" data-e-type=\"widget\" data-widget_type=\"image.default\">\n\t\t\t\t<div class=\"elementor-widget-container\">\n\t\t\t\t\t\t\t\t\t\t\t\t\t\t\t<img decoding=\"async\" width=\"150\" height=\"150\" src=\"https:\/\/carepure.at\/wp-content\/uploads\/2020\/11\/carepure_ausbildung_24h_pflege-150x150.png\" class=\"attachment-thumbnail size-thumbnail wp-image-713\" alt=\"Ausgebildete Pfleger\" srcset=\"https:\/\/carepure.at\/wp-content\/uploads\/2020\/11\/carepure_ausbildung_24h_pflege-150x150.png 150w, https:\/\/carepure.at\/wp-content\/uploads\/2020\/11\/carepure_ausbildung_24h_pflege-100x100.png 100w, https:\/\/carepure.at\/wp-content\/uploads\/2020\/11\/carepure_ausbildung_24h_pflege.png 208w\" sizes=\"(max-width: 150px) 100vw, 150px\" \/>\t\t\t\t\t\t\t\t\t\t\t\t\t\t\t<\/div>\n\t\t\t\t<\/div>\n\t\t\t\t<div class=\"elementor-element elementor-element-bcdf8e2 elementor-widget elementor-widget-heading\" data-id=\"bcdf8e2\" data-element_type=\"widget\" data-e-type=\"widget\" data-widget_type=\"heading.default\">\n\t\t\t\t<div class=\"elementor-widget-container\">\n\t\t\t\t\t<h4 class=\"elementor-heading-title elementor-size-default\">Erfahrene Pfleger:innen<\/h4>\t\t\t\t<\/div>\n\t\t\t\t<\/div>\n\t\t\t\t<div class=\"elementor-element elementor-element-3e61fd2 elementor-widget elementor-widget-text-editor\" data-id=\"3e61fd2\" data-element_type=\"widget\" data-e-type=\"widget\" data-widget_type=\"text-editor.default\">\n\t\t\t\t<div class=\"elementor-widget-container\">\n\t\t\t\t\t\t\t\t\t<p>Wir vermitteln die ideale 24 Stunden Betreuung f\u00fcr Sie oder Ihre Angeh\u00f6rigen.<\/p>\t\t\t\t\t\t\t\t<\/div>\n\t\t\t\t<\/div>\n\t\t\t\t\t<\/div>\n\t\t<\/div>\n\t\t\t\t<div class=\"aux-parallax-section elementor-column elementor-col-20 elementor-top-column elementor-element elementor-element-2964410 elementor-hidden-tablet elementor-hidden-phone\" data-id=\"2964410\" data-element_type=\"column\" data-e-type=\"column\">\n\t\t\t<div class=\"elementor-widget-wrap\">\n\t\t\t\t\t\t\t<\/div>\n\t\t<\/div>\n\t\t\t\t\t<\/div>\n\t\t<\/section>\n\t\t\t\t<section class=\"elementor-section elementor-top-section elementor-element elementor-element-b9598e8 elementor-section-boxed elementor-section-height-default elementor-section-height-default\" data-id=\"b9598e8\" data-element_type=\"section\" data-e-type=\"section\">\n\t\t\t\t\t\t<div class=\"elementor-container elementor-column-gap-default\">\n\t\t\t\t\t<div class=\"aux-parallax-section elementor-column elementor-col-100 elementor-top-column elementor-element elementor-element-5967414\" data-id=\"5967414\" data-element_type=\"column\" data-e-type=\"column\">\n\t\t\t<div class=\"elementor-widget-wrap elementor-element-populated\">\n\t\t\t\t\t\t<div class=\"elementor-element elementor-element-f59c01c elementor-widget elementor-widget-spacer\" data-id=\"f59c01c\" data-element_type=\"widget\" data-e-type=\"widget\" data-widget_type=\"spacer.default\">\n\t\t\t\t<div class=\"elementor-widget-container\">\n\t\t\t\t\t\t\t<div class=\"elementor-spacer\">\n\t\t\t<div class=\"elementor-spacer-inner\"><\/div>\n\t\t<\/div>\n\t\t\t\t\t\t<\/div>\n\t\t\t\t<\/div>\n\t\t\t\t\t<\/div>\n\t\t<\/div>\n\t\t\t\t\t<\/div>\n\t\t<\/section>\n\t\t\t\t<section class=\"elementor-section elementor-top-section elementor-element elementor-element-0db7187 elementor-section-boxed elementor-section-height-default elementor-section-height-default\" data-id=\"0db7187\" data-element_type=\"section\" data-e-type=\"section\">\n\t\t\t\t\t\t<div class=\"elementor-container elementor-column-gap-default\">\n\t\t\t\t\t<div class=\"aux-parallax-section elementor-column elementor-col-25 elementor-top-column elementor-element elementor-element-c272e20 elementor-hidden-tablet elementor-hidden-phone\" data-id=\"c272e20\" data-element_type=\"column\" data-e-type=\"column\">\n\t\t\t<div class=\"elementor-widget-wrap elementor-element-populated\">\n\t\t\t\t\t\t\t<\/div>\n\t\t<\/div>\n\t\t\t\t<div class=\"aux-parallax-section elementor-column elementor-col-25 elementor-top-column elementor-element elementor-element-c99f8bf\" data-id=\"c99f8bf\" data-element_type=\"column\" data-e-type=\"column\">\n\t\t\t<div class=\"elementor-widget-wrap elementor-element-populated\">\n\t\t\t\t\t\t<div class=\"elementor-element elementor-element-851b431 elementor-widget elementor-widget-image\" data-id=\"851b431\" data-element_type=\"widget\" data-e-type=\"widget\" data-widget_type=\"image.default\">\n\t\t\t\t<div class=\"elementor-widget-container\">\n\t\t\t\t\t\t\t\t\t\t\t\t\t\t\t<img loading=\"lazy\" decoding=\"async\" width=\"600\" height=\"350\" src=\"https:\/\/carepure.at\/wp-content\/uploads\/2020\/11\/24-stunden-pflege-Bausteine.jpg\" class=\"attachment-full size-full wp-image-716\" alt=\"Bausteine 24 Stunden Pflege\" \/>\t\t\t\t\t\t\t\t\t\t\t\t\t\t\t<\/div>\n\t\t\t\t<\/div>\n\t\t\t\t\t<\/div>\n\t\t<\/div>\n\t\t\t\t<div class=\"aux-parallax-section elementor-column elementor-col-25 elementor-top-column elementor-element elementor-element-2997a65\" data-id=\"2997a65\" data-element_type=\"column\" data-e-type=\"column\">\n\t\t\t<div class=\"elementor-widget-wrap elementor-element-populated\">\n\t\t\t\t\t\t\t<\/div>\n\t\t<\/div>\n\t\t\t\t<div class=\"aux-parallax-section elementor-column elementor-col-25 elementor-top-column elementor-element elementor-element-3cca34c\" data-id=\"3cca34c\" data-element_type=\"column\" data-e-type=\"column\">\n\t\t\t<div class=\"elementor-widget-wrap elementor-element-populated\">\n\t\t\t\t\t\t<div class=\"elementor-element elementor-element-0f3f9b3 elementor-widget elementor-widget-text-editor\" data-id=\"0f3f9b3\" data-element_type=\"widget\" data-e-type=\"widget\" data-widget_type=\"text-editor.default\">\n\t\t\t\t<div class=\"elementor-widget-container\">\n\t\t\t\t\t\t\t\t\t<ul>\n<li><span class=\"znListItems-text\"><img loading=\"lazy\" decoding=\"async\" class=\"alignnone wp-image-255\" src=\"https:\/\/carepure.at\/wp-content\/uploads\/2020\/02\/check.svg\" alt=\"\" width=\"22\" height=\"22\">&nbsp; Pflege und Betreuung in h\u00e4uslicher<br>&nbsp; &nbsp; &nbsp; &nbsp;Gemeinschaft<\/span><\/li>\n<li><span class=\"znListItems-text\"><img loading=\"lazy\" decoding=\"async\" class=\"alignnone wp-image-255\" src=\"https:\/\/carepure.at\/wp-content\/uploads\/2020\/02\/check.svg\" alt=\"\" width=\"22\" height=\"22\">&nbsp; \u00dcbernahme von hauswirtschaftlichen<br>&nbsp; &nbsp; &nbsp; &nbsp;T\u00e4tigkeiten<\/span><\/li>\n<li><span class=\"znListItems-text\"><img loading=\"lazy\" decoding=\"async\" class=\"alignnone wp-image-255\" src=\"https:\/\/carepure.at\/wp-content\/uploads\/2020\/02\/check.svg\" alt=\"\" width=\"22\" height=\"22\">&nbsp; R\u00fccksichtnahme auf individuelle Anforderungen <br>&nbsp; &nbsp; &nbsp; &nbsp;des Betreuungsbed\u00fcrftigen und 24 Stunden Pflege.&nbsp;<\/span><\/li>\n<li><span class=\"znListItems-text\"><img loading=\"lazy\" decoding=\"async\" class=\"alignnone wp-image-255\" src=\"https:\/\/carepure.at\/wp-content\/uploads\/2020\/02\/check.svg\" alt=\"\" width=\"22\" height=\"22\">&nbsp; Kurzzeitpflege auf Anfrage m\u00f6glich.<\/span><\/li>\n<li><span class=\"znListItems-text\"><img loading=\"lazy\" decoding=\"async\" class=\"alignnone wp-image-255\" src=\"https:\/\/carepure.at\/wp-content\/uploads\/2020\/02\/check.svg\" alt=\"\" width=\"22\" height=\"22\">&nbsp; Pflege in ganz \u00d6sterreich<\/span><\/li>\n<\/ul>\t\t\t\t\t\t\t\t<\/div>\n\t\t\t\t<\/div>\n\t\t\t\t\t<\/div>\n\t\t<\/div>\n\t\t\t\t\t<\/div>\n\t\t<\/section>\n\t\t\t\t<section class=\"elementor-section elementor-top-section elementor-element elementor-element-3653a25 elementor-section-boxed elementor-section-height-default elementor-section-height-default\" data-id=\"3653a25\" data-element_type=\"section\" data-e-type=\"section\">\n\t\t\t\t\t\t<div class=\"elementor-container elementor-column-gap-default\">\n\t\t\t\t\t<div class=\"aux-parallax-section elementor-column elementor-col-100 elementor-top-column elementor-element elementor-element-1a4d63a\" data-id=\"1a4d63a\" data-element_type=\"column\" data-e-type=\"column\">\n\t\t\t<div class=\"elementor-widget-wrap elementor-element-populated\">\n\t\t\t\t\t\t<div class=\"elementor-element elementor-element-fda29ed elementor-widget elementor-widget-spacer\" data-id=\"fda29ed\" data-element_type=\"widget\" data-e-type=\"widget\" data-widget_type=\"spacer.default\">\n\t\t\t\t<div class=\"elementor-widget-container\">\n\t\t\t\t\t\t\t<div class=\"elementor-spacer\">\n\t\t\t<div class=\"elementor-spacer-inner\"><\/div>\n\t\t<\/div>\n\t\t\t\t\t\t<\/div>\n\t\t\t\t<\/div>\n\t\t\t\t\t<\/div>\n\t\t<\/div>\n\t\t\t\t\t<\/div>\n\t\t<\/section>\n\t\t\t\t<section class=\"elementor-section elementor-top-section elementor-element elementor-element-0e58cd3 elementor-section-boxed elementor-section-height-default elementor-section-height-default\" data-id=\"0e58cd3\" data-element_type=\"section\" data-e-type=\"section\">\n\t\t\t\t\t\t<div class=\"elementor-container elementor-column-gap-default\">\n\t\t\t\t\t<div class=\"aux-parallax-section elementor-column elementor-col-100 elementor-top-column elementor-element elementor-element-8aefda6\" data-id=\"8aefda6\" data-element_type=\"column\" data-e-type=\"column\">\n\t\t\t<div class=\"elementor-widget-wrap elementor-element-populated\">\n\t\t\t\t\t\t<div class=\"elementor-element elementor-element-c294a1d elementor-widget elementor-widget-heading\" data-id=\"c294a1d\" data-element_type=\"widget\" data-e-type=\"widget\" data-widget_type=\"heading.default\">\n\t\t\t\t<div class=\"elementor-widget-container\">\n\t\t\t\t\t<h2 class=\"elementor-heading-title elementor-size-default\">Das sagen unsere Kunden<\/h2>\t\t\t\t<\/div>\n\t\t\t\t<\/div>\n\t\t\t\t\t<\/div>\n\t\t<\/div>\n\t\t\t\t\t<\/div>\n\t\t<\/section>\n\t\t\t\t<section class=\"elementor-section elementor-top-section elementor-element elementor-element-ed3546a elementor-section-boxed elementor-section-height-default elementor-section-height-default\" data-id=\"ed3546a\" data-element_type=\"section\" data-e-type=\"section\">\n\t\t\t\t\t\t<div class=\"elementor-container elementor-column-gap-default\">\n\t\t\t\t\t<div class=\"aux-parallax-section elementor-column elementor-col-20 elementor-top-column elementor-element elementor-element-f065dc6 elementor-hidden-tablet elementor-hidden-phone\" data-id=\"f065dc6\" data-element_type=\"column\" data-e-type=\"column\">\n\t\t\t<div class=\"elementor-widget-wrap\">\n\t\t\t\t\t\t\t<\/div>\n\t\t<\/div>\n\t\t\t\t<div class=\"aux-parallax-section elementor-column elementor-col-20 elementor-top-column elementor-element elementor-element-3ca7b4f\" data-id=\"3ca7b4f\" data-element_type=\"column\" data-e-type=\"column\">\n\t\t\t<div class=\"elementor-widget-wrap elementor-element-populated\">\n\t\t\t\t\t\t<div class=\"elementor-element elementor-element-ad51b33 elementor-widget elementor-widget-text-editor\" data-id=\"ad51b33\" data-element_type=\"widget\" data-e-type=\"widget\" data-widget_type=\"text-editor.default\">\n\t\t\t\t<div class=\"elementor-widget-container\">\n\t\t\t\t\t\t\t\t\t<p class=\"tbk__title\">Wunschgem\u00e4\u00df m\u00f6chte ich Ihnen gerne best\u00e4tigen, dass wir mit \u201eLili\u201c eine perfekte Betreuerin haben. Die Pflege wird von ihr 100%ig und mit viel Zuneigung erledigt. \u201eOma\u201c hat sie schon l\u00e4ngst in ihr Herz geschlossen! Zudem werden alle Arbeiten im Haushalt verl\u00e4sslich erledigt \u2013 ja sogar vieles, was nicht ihre Aufgabe w\u00e4re. Lili geh\u00f6rt mittlerweile zur Familie und wir hoffen noch m\u00f6glichst lange ihre Dienste in Anspruch nehmen zu k\u00f6nnen. Zusammenfassung: Alles bestens!!! Danke f\u00fcr Ihre Vermittlung.<\/p><p class=\"tbk__subtitle\"><em>Helmut Gr\u00f6\u00dflhuber<\/em><\/p>\t\t\t\t\t\t\t\t<\/div>\n\t\t\t\t<\/div>\n\t\t\t\t\t<\/div>\n\t\t<\/div>\n\t\t\t\t<div class=\"aux-parallax-section elementor-column elementor-col-20 elementor-top-column elementor-element elementor-element-d355739\" data-id=\"d355739\" data-element_type=\"column\" data-e-type=\"column\">\n\t\t\t<div class=\"elementor-widget-wrap elementor-element-populated\">\n\t\t\t\t\t\t<div class=\"elementor-element elementor-element-d479c84 elementor-widget elementor-widget-text-editor\" data-id=\"d479c84\" data-element_type=\"widget\" data-e-type=\"widget\" data-widget_type=\"text-editor.default\">\n\t\t\t\t<div class=\"elementor-widget-container\">\n\t\t\t\t\t\t\t\t\t<p class=\"tbk__title\">Bei dieser Gelegenheit m\u00f6chte ich mich nochmals f\u00fcr die gute Pflege und liebevolle Betreuung herzlich bedanken. Ich war sehr mit Frau Aura zufrieden. Sie war freundlich , ordentlich und flei\u00dfig . Aura hat sich f\u00fcrsorglich um meine Mutter gek\u00fcmmert und war Tag und Nacht f\u00fcr sie da. Die Sprachkenntnisse waren mehr als ausreichend. <br \/>Sie hatte auch gute Kenntnis in der Pflege. Hatte in den letzten drei Jahren eine gute Betreuung f\u00fcr meine Mutter. Ich kann Frau Aura jedem weiterempfehlen<\/p><p class=\"tbk__subtitle\"><em>Liebchen Maria<\/em><\/p>\t\t\t\t\t\t\t\t<\/div>\n\t\t\t\t<\/div>\n\t\t\t\t\t<\/div>\n\t\t<\/div>\n\t\t\t\t<div class=\"aux-parallax-section elementor-column elementor-col-20 elementor-top-column elementor-element elementor-element-41f42cc\" data-id=\"41f42cc\" data-element_type=\"column\" data-e-type=\"column\">\n\t\t\t<div class=\"elementor-widget-wrap elementor-element-populated\">\n\t\t\t\t\t\t<div class=\"elementor-element elementor-element-910cba2 elementor-widget elementor-widget-text-editor\" data-id=\"910cba2\" data-element_type=\"widget\" data-e-type=\"widget\" data-widget_type=\"text-editor.default\">\n\t\t\t\t<div class=\"elementor-widget-container\">\n\t\t\t\t\t\t\t\t\t<p class=\"tbk__title\">Wir sind nun im 3. Monat der Zusammenarbeit mit Ihrer Pflegeagentur. Aus diesem Anlass m\u00f6chte ich mich bei Ihnen bedanken, dass die Pflege meiner Mutter durch das von Ihrer Agentur zur Verf\u00fcgung gestellte Personal so hervorragend funktioniert. Beide Pflegerinnen sprechen gut Deutsch und verrichten Ihre Arbeit zur vollsten Zufriedenheit.Auch die Ansuchen bei den Beh\u00f6rden um Pflegezuschuss sowie die monatlichen Abrechnungen sind transparent und einwandfrei.<\/p><p class=\"tbk__subtitle\"><em>Franz Brinkmann<\/em><\/p>\t\t\t\t\t\t\t\t<\/div>\n\t\t\t\t<\/div>\n\t\t\t\t\t<\/div>\n\t\t<\/div>\n\t\t\t\t<div class=\"aux-parallax-section elementor-column elementor-col-20 elementor-top-column elementor-element elementor-element-006a880 elementor-hidden-tablet elementor-hidden-phone\" data-id=\"006a880\" data-element_type=\"column\" data-e-type=\"column\">\n\t\t\t<div class=\"elementor-widget-wrap\">\n\t\t\t\t\t\t\t<\/div>\n\t\t<\/div>\n\t\t\t\t\t<\/div>\n\t\t<\/section>\n\t\t\t\t<\/div>\n\t\t","protected":false},"excerpt":{"rendered":"<p>24h Betreuung Wir vermitteln die ideale 24 Stunden Betreuung und Pflege f\u00fcr Sie oder Ihre Angeh\u00f6rigen. Haushaltsversorgung Unsere Pfleger\/innen versorgen die zu betreuende Person mit den wichtigsten Lebensmitteln usw. Erfahrene Pfleger:innen Wir vermitteln die ideale 24 Stunden Betreuung f\u00fcr Sie oder Ihre Angeh\u00f6rigen. &nbsp; Pflege und Betreuung in h\u00e4uslicher&nbsp; &nbsp; &nbsp; &nbsp;Gemeinschaft &nbsp; \u00dcbernahme von [&hellip;]<\/p>\n","protected":false},"author":1,"featured_media":0,"parent":0,"menu_order":0,"comment_status":"closed","ping_status":"closed","template":"templates\/page-builder-content.php","meta":{"footnotes":""},"class_list":["post-780","page","type-page","status-publish","hentry"],"_links":{"self":[{"href":"https:\/\/carepure.at\/index.php\/wp-json\/wp\/v2\/pages\/780","targetHints":{"allow":["GET"]}}],"collection":[{"href":"https:\/\/carepure.at\/index.php\/wp-json\/wp\/v2\/pages"}],"about":[{"href":"https:\/\/carepure.at\/index.php\/wp-json\/wp\/v2\/types\/page"}],"author":[{"embeddable":true,"href":"https:\/\/carepure.at\/index.php\/wp-json\/wp\/v2\/users\/1"}],"replies":[{"embeddable":true,"href":"https:\/\/carepure.at\/index.php\/wp-json\/wp\/v2\/comments?post=780"}],"version-history":[{"count":3,"href":"https:\/\/carepure.at\/index.php\/wp-json\/wp\/v2\/pages\/780\/revisions"}],"predecessor-version":[{"id":816,"href":"https:\/\/carepure.at\/index.php\/wp-json\/wp\/v2\/pages\/780\/revisions\/816"}],"wp:attachment":[{"href":"https:\/\/carepure.at\/index.php\/wp-json\/wp\/v2\/media?parent=780"}],"curies":[{"name":"wp","href":"https:\/\/api.w.org\/{rel}","templated":true}]}}