{"id":416,"date":"2020-10-29T12:16:08","date_gmt":"2020-10-29T12:16:08","guid":{"rendered":"https:\/\/carepure.at\/?page_id=416"},"modified":"2020-11-04T15:44:43","modified_gmt":"2020-11-04T15:44:43","slug":"foerderung","status":"publish","type":"page","link":"https:\/\/carepure.at\/index.php\/foerderung\/","title":{"rendered":"F\u00f6rderung"},"content":{"rendered":"\t\t<div data-elementor-type=\"wp-page\" data-elementor-id=\"416\" class=\"elementor elementor-416\">\n\t\t\t\t\t\t<section class=\"elementor-section elementor-top-section elementor-element elementor-element-6cd6c35 elementor-section-boxed elementor-section-height-default elementor-section-height-default\" data-id=\"6cd6c35\" data-element_type=\"section\" data-e-type=\"section\">\n\t\t\t\t\t\t<div class=\"elementor-container elementor-column-gap-default\">\n\t\t\t\t\t<div class=\"aux-parallax-section elementor-column elementor-col-33 elementor-top-column elementor-element elementor-element-fabcc6c\" data-id=\"fabcc6c\" data-element_type=\"column\" data-e-type=\"column\">\n\t\t\t<div class=\"elementor-widget-wrap\">\n\t\t\t\t\t\t\t<\/div>\n\t\t<\/div>\n\t\t\t\t<div class=\"aux-parallax-section elementor-column elementor-col-33 elementor-top-column elementor-element elementor-element-5396418\" data-id=\"5396418\" data-element_type=\"column\" data-e-type=\"column\">\n\t\t\t<div class=\"elementor-widget-wrap elementor-element-populated\">\n\t\t\t\t\t\t<div class=\"elementor-element elementor-element-cefb245 elementor-widget elementor-widget-heading\" data-id=\"cefb245\" data-element_type=\"widget\" data-e-type=\"widget\" data-widget_type=\"heading.default\">\n\t\t\t\t<div class=\"elementor-widget-container\">\n\t\t\t\t\t<h1 class=\"elementor-heading-title elementor-size-default\">F\u00f6rderung<\/h1>\t\t\t\t<\/div>\n\t\t\t\t<\/div>\n\t\t\t\t\t<\/div>\n\t\t<\/div>\n\t\t\t\t<div class=\"aux-parallax-section elementor-column elementor-col-33 elementor-top-column elementor-element elementor-element-8b909c4\" data-id=\"8b909c4\" data-element_type=\"column\" data-e-type=\"column\">\n\t\t\t<div class=\"elementor-widget-wrap\">\n\t\t\t\t\t\t\t<\/div>\n\t\t<\/div>\n\t\t\t\t\t<\/div>\n\t\t<\/section>\n\t\t\t\t<section class=\"elementor-section elementor-top-section elementor-element elementor-element-806db64 elementor-section-boxed elementor-section-height-default elementor-section-height-default\" data-id=\"806db64\" data-element_type=\"section\" data-e-type=\"section\">\n\t\t\t\t\t\t<div class=\"elementor-container elementor-column-gap-default\">\n\t\t\t\t\t<div class=\"aux-parallax-section elementor-column elementor-col-25 elementor-top-column elementor-element elementor-element-501637a\" data-id=\"501637a\" data-element_type=\"column\" data-e-type=\"column\">\n\t\t\t<div class=\"elementor-widget-wrap\">\n\t\t\t\t\t\t\t<\/div>\n\t\t<\/div>\n\t\t\t\t<div class=\"aux-parallax-section elementor-column elementor-col-50 elementor-top-column elementor-element elementor-element-ecd4227\" data-id=\"ecd4227\" data-element_type=\"column\" data-e-type=\"column\" data-settings=\"{&quot;background_background&quot;:&quot;classic&quot;}\">\n\t\t\t<div class=\"elementor-widget-wrap elementor-element-populated\">\n\t\t\t\t\t\t<div class=\"elementor-element elementor-element-e3178e1 elementor-widget elementor-widget-heading\" data-id=\"e3178e1\" data-element_type=\"widget\" data-e-type=\"widget\" data-widget_type=\"heading.default\">\n\t\t\t\t<div class=\"elementor-widget-container\">\n\t\t\t\t\t<h5 class=\"elementor-heading-title elementor-size-default\">Allgemeine Informationen<\/h5>\t\t\t\t<\/div>\n\t\t\t\t<\/div>\n\t\t\t\t<div class=\"elementor-element elementor-element-b382a8a elementor-widget elementor-widget-text-editor\" data-id=\"b382a8a\" data-element_type=\"widget\" data-e-type=\"widget\" data-widget_type=\"text-editor.default\">\n\t\t\t\t<div class=\"elementor-widget-container\">\n\t\t\t\t\t\t\t\t\t<p>Personen, die Zuhause gepflegt werden, k\u00f6nnen unabh\u00e4ngig von ihrem Verm\u00f6gen eine finanzielle Unterst\u00fctzung in Form eines Zuschusses zur 24-Stunden-Betreuung erhalten. Die Betreuung muss gem\u00e4\u00df den Bestimmungen des Hausbetreuungsgesetzes erfolgen.<\/p>\t\t\t\t\t\t\t\t<\/div>\n\t\t\t\t<\/div>\n\t\t\t\t\t<\/div>\n\t\t<\/div>\n\t\t\t\t<div class=\"aux-parallax-section elementor-column elementor-col-25 elementor-top-column elementor-element elementor-element-05fbfd7\" data-id=\"05fbfd7\" data-element_type=\"column\" data-e-type=\"column\">\n\t\t\t<div class=\"elementor-widget-wrap\">\n\t\t\t\t\t\t\t<\/div>\n\t\t<\/div>\n\t\t\t\t\t<\/div>\n\t\t<\/section>\n\t\t\t\t<section class=\"elementor-section elementor-top-section elementor-element elementor-element-28cb634 elementor-section-boxed elementor-section-height-default elementor-section-height-default\" data-id=\"28cb634\" data-element_type=\"section\" data-e-type=\"section\">\n\t\t\t\t\t\t<div class=\"elementor-container elementor-column-gap-default\">\n\t\t\t\t\t<div class=\"aux-parallax-section elementor-column elementor-col-25 elementor-top-column elementor-element elementor-element-495d429\" data-id=\"495d429\" data-element_type=\"column\" data-e-type=\"column\">\n\t\t\t<div class=\"elementor-widget-wrap\">\n\t\t\t\t\t\t\t<\/div>\n\t\t<\/div>\n\t\t\t\t<div class=\"aux-parallax-section elementor-column elementor-col-50 elementor-top-column elementor-element elementor-element-fe31053\" data-id=\"fe31053\" data-element_type=\"column\" data-e-type=\"column\" data-settings=\"{&quot;background_background&quot;:&quot;classic&quot;}\">\n\t\t\t<div class=\"elementor-widget-wrap elementor-element-populated\">\n\t\t\t\t\t\t<div class=\"elementor-element elementor-element-bdaa661 elementor-widget elementor-widget-heading\" data-id=\"bdaa661\" data-element_type=\"widget\" data-e-type=\"widget\" data-widget_type=\"heading.default\">\n\t\t\t\t<div class=\"elementor-widget-container\">\n\t\t\t\t\t<h5 class=\"elementor-heading-title elementor-size-default\">Ansuchen<\/h5>\t\t\t\t<\/div>\n\t\t\t\t<\/div>\n\t\t\t\t<div class=\"elementor-element elementor-element-40b5520 elementor-widget elementor-widget-text-editor\" data-id=\"40b5520\" data-element_type=\"widget\" data-e-type=\"widget\" data-widget_type=\"text-editor.default\">\n\t\t\t\t<div class=\"elementor-widget-container\">\n\t\t\t\t\t\t\t\t\t<p><span lang=\"DE-AT\">Der Zuschuss kann fr\u00fchestens mit Beginn des Betreuungsverh\u00e4ltnisses gew\u00e4hrt werden.<\/span><\/p><p><span lang=\"DE-AT\">Ansuchen auf Gew\u00e4hrung eines Zuschusses sind nach M\u00f6glichkeit vor Beginn des Betreuungsverh\u00e4ltnisses bzw. in zeitlicher N\u00e4he zur Begr\u00fcndung desselben einzubringen.<\/span><\/p><p><span lang=\"DE-AT\">Zeitliche N\u00e4he ist dann gegeben, wenn das Ansuchen sp\u00e4testens in dem Monat einlangt, der auf den Beginn des Betreuungsverh\u00e4ltnisses folgt.<\/span><\/p><p><span lang=\"DE-AT\">Bei sp\u00e4ter einlangenden Ansuchen ist eine F\u00f6rderung fr\u00fchestens mit Beginn des Monates vor der Ansuchenstellung m\u00f6glich.<\/span><\/p>\t\t\t\t\t\t\t\t<\/div>\n\t\t\t\t<\/div>\n\t\t\t\t\t<\/div>\n\t\t<\/div>\n\t\t\t\t<div class=\"aux-parallax-section elementor-column elementor-col-25 elementor-top-column elementor-element elementor-element-69b5a92\" data-id=\"69b5a92\" data-element_type=\"column\" data-e-type=\"column\">\n\t\t\t<div class=\"elementor-widget-wrap\">\n\t\t\t\t\t\t\t<\/div>\n\t\t<\/div>\n\t\t\t\t\t<\/div>\n\t\t<\/section>\n\t\t\t\t<section class=\"elementor-section elementor-top-section elementor-element elementor-element-16d60a0 elementor-section-boxed elementor-section-height-default elementor-section-height-default\" data-id=\"16d60a0\" data-element_type=\"section\" data-e-type=\"section\">\n\t\t\t\t\t\t<div class=\"elementor-container elementor-column-gap-default\">\n\t\t\t\t\t<div class=\"aux-parallax-section elementor-column elementor-col-25 elementor-top-column elementor-element elementor-element-5c5b13b\" data-id=\"5c5b13b\" data-element_type=\"column\" data-e-type=\"column\">\n\t\t\t<div class=\"elementor-widget-wrap\">\n\t\t\t\t\t\t\t<\/div>\n\t\t<\/div>\n\t\t\t\t<div class=\"aux-parallax-section elementor-column elementor-col-50 elementor-top-column elementor-element elementor-element-c262011\" data-id=\"c262011\" data-element_type=\"column\" data-e-type=\"column\" data-settings=\"{&quot;background_background&quot;:&quot;classic&quot;}\">\n\t\t\t<div class=\"elementor-widget-wrap elementor-element-populated\">\n\t\t\t\t\t\t<div class=\"elementor-element elementor-element-a5401c7 elementor-widget elementor-widget-heading\" data-id=\"a5401c7\" data-element_type=\"widget\" data-e-type=\"widget\" data-widget_type=\"heading.default\">\n\t\t\t\t<div class=\"elementor-widget-container\">\n\t\t\t\t\t<h5 class=\"elementor-heading-title elementor-size-default\">Voraussetzungen<\/h5>\t\t\t\t<\/div>\n\t\t\t\t<\/div>\n\t\t\t\t<div class=\"elementor-element elementor-element-2046268 elementor-widget elementor-widget-text-editor\" data-id=\"2046268\" data-element_type=\"widget\" data-e-type=\"widget\" data-widget_type=\"text-editor.default\">\n\t\t\t\t<div class=\"elementor-widget-container\">\n\t\t\t\t\t\t\t\t\t<p>Grunds\u00e4tzlich gilt:<\/p><ul><li>Die F\u00f6rdergew\u00e4hrung f\u00fcr ein und dieselbe Personenbetreuungskraft innerhalb desselben Kalendermonates an zwei oder mehreren unterschiedlichen Standorten verschiedener Pflegebed\u00fcrftiger ist nicht m\u00f6glich!<\/li><li>Bezieht die pflegebed\u00fcrftige Person ein Pflegegeld der Stufen 3 oder 4, ist die Notwendigkeit einer 24-Stunden-Betreuung durch das Sozialministeriumservice gesondert festzustellen. Die Entscheidung erfolgt auf Basis des zuletzt erstellten Pflegegeldgutachtens.<\/li><\/ul>\t\t\t\t\t\t\t\t<\/div>\n\t\t\t\t<\/div>\n\t\t\t\t\t<\/div>\n\t\t<\/div>\n\t\t\t\t<div class=\"aux-parallax-section elementor-column elementor-col-25 elementor-top-column elementor-element elementor-element-611de9c\" data-id=\"611de9c\" data-element_type=\"column\" data-e-type=\"column\">\n\t\t\t<div class=\"elementor-widget-wrap\">\n\t\t\t\t\t\t\t<\/div>\n\t\t<\/div>\n\t\t\t\t\t<\/div>\n\t\t<\/section>\n\t\t\t\t<section class=\"elementor-section elementor-top-section elementor-element elementor-element-35105cd elementor-section-boxed elementor-section-height-default elementor-section-height-default\" data-id=\"35105cd\" data-element_type=\"section\" data-e-type=\"section\">\n\t\t\t\t\t\t<div class=\"elementor-container elementor-column-gap-default\">\n\t\t\t\t\t<div class=\"aux-parallax-section elementor-column elementor-col-25 elementor-top-column elementor-element elementor-element-b8fb884\" data-id=\"b8fb884\" data-element_type=\"column\" data-e-type=\"column\">\n\t\t\t<div class=\"elementor-widget-wrap\">\n\t\t\t\t\t\t\t<\/div>\n\t\t<\/div>\n\t\t\t\t<div class=\"aux-parallax-section elementor-column elementor-col-50 elementor-top-column elementor-element elementor-element-3402897\" data-id=\"3402897\" data-element_type=\"column\" data-e-type=\"column\" data-settings=\"{&quot;background_background&quot;:&quot;classic&quot;}\">\n\t\t\t<div class=\"elementor-widget-wrap elementor-element-populated\">\n\t\t\t\t\t\t<div class=\"elementor-element elementor-element-fe6de8e elementor-widget elementor-widget-heading\" data-id=\"fe6de8e\" data-element_type=\"widget\" data-e-type=\"widget\" data-widget_type=\"heading.default\">\n\t\t\t\t<div class=\"elementor-widget-container\">\n\t\t\t\t\t<h5 class=\"elementor-heading-title elementor-size-default\">H\u00f6he der F\u00f6rderung<\/h5>\t\t\t\t<\/div>\n\t\t\t\t<\/div>\n\t\t\t\t<div class=\"elementor-element elementor-element-9daa6aa elementor-widget elementor-widget-text-editor\" data-id=\"9daa6aa\" data-element_type=\"widget\" data-e-type=\"widget\" data-widget_type=\"text-editor.default\">\n\t\t\t\t<div class=\"elementor-widget-container\">\n\t\t\t\t\t\t\t\t\t<p>Die F\u00f6rderung kann monatlich bis zu EUR 1.100,- bei unselbst\u00e4ndigen Arbeitsverh\u00e4ltnissen oder bis zu EUR 550,- bei Werkvertr\u00e4gen von selbst\u00e4ndigen Betreuungskr\u00e4ften betragen.<\/p>\t\t\t\t\t\t\t\t<\/div>\n\t\t\t\t<\/div>\n\t\t\t\t\t<\/div>\n\t\t<\/div>\n\t\t\t\t<div class=\"aux-parallax-section elementor-column elementor-col-25 elementor-top-column elementor-element elementor-element-011a1cc\" data-id=\"011a1cc\" data-element_type=\"column\" data-e-type=\"column\">\n\t\t\t<div class=\"elementor-widget-wrap\">\n\t\t\t\t\t\t\t<\/div>\n\t\t<\/div>\n\t\t\t\t\t<\/div>\n\t\t<\/section>\n\t\t\t\t<section class=\"elementor-section elementor-top-section elementor-element elementor-element-10ecc12 elementor-section-boxed elementor-section-height-default elementor-section-height-default\" data-id=\"10ecc12\" data-element_type=\"section\" data-e-type=\"section\">\n\t\t\t\t\t\t<div class=\"elementor-container elementor-column-gap-default\">\n\t\t\t\t\t<div class=\"aux-parallax-section elementor-column elementor-col-25 elementor-top-column elementor-element elementor-element-3eedbfd\" data-id=\"3eedbfd\" data-element_type=\"column\" data-e-type=\"column\">\n\t\t\t<div class=\"elementor-widget-wrap\">\n\t\t\t\t\t\t\t<\/div>\n\t\t<\/div>\n\t\t\t\t<div class=\"aux-parallax-section elementor-column elementor-col-50 elementor-top-column elementor-element elementor-element-cabf0dc\" data-id=\"cabf0dc\" data-element_type=\"column\" data-e-type=\"column\">\n\t\t\t<div class=\"elementor-widget-wrap elementor-element-populated\">\n\t\t\t\t\t\t<div class=\"elementor-element elementor-element-7171bb6 elementor-widget elementor-widget-spacer\" data-id=\"7171bb6\" data-element_type=\"widget\" data-e-type=\"widget\" data-widget_type=\"spacer.default\">\n\t\t\t\t<div class=\"elementor-widget-container\">\n\t\t\t\t\t\t\t<div class=\"elementor-spacer\">\n\t\t\t<div class=\"elementor-spacer-inner\"><\/div>\n\t\t<\/div>\n\t\t\t\t\t\t<\/div>\n\t\t\t\t<\/div>\n\t\t\t\t<div class=\"elementor-element elementor-element-d2c7155 elementor-widget elementor-widget-heading\" data-id=\"d2c7155\" data-element_type=\"widget\" data-e-type=\"widget\" data-widget_type=\"heading.default\">\n\t\t\t\t<div class=\"elementor-widget-container\">\n\t\t\t\t\t<h2 class=\"elementor-heading-title elementor-size-default\">Downloads<\/h2>\t\t\t\t<\/div>\n\t\t\t\t<\/div>\n\t\t\t\t<div class=\"elementor-element elementor-element-4adfafd elementor-widget elementor-widget-text-editor\" data-id=\"4adfafd\" data-element_type=\"widget\" data-e-type=\"widget\" data-widget_type=\"text-editor.default\">\n\t\t\t\t<div class=\"elementor-widget-container\">\n\t\t\t\t\t\t\t\t\t<p><img decoding=\"async\" class=\"alignnone size-full wp-image-45\" src=\"https:\/\/carepure.at\/wp-content\/uploads\/2020\/10\/download.png\" alt=\"\" width=\"25\" height=\"27\" \/> \u00a0<a class=\"znListItems-link\" href=\"https:\/\/www.care-pure.at\/wp-content\/uploads\/2019\/04\/pflege_24hb_antrag_bundesweit.docx\" target=\"_blank\" rel=\"noopener\"><span class=\"znListItems-text\">Antrag f\u00fcr selbstst\u00e4ndige &amp; nicht selbstst\u00e4ndige Erwerbst\u00e4tigkeit &#8211; Dokument (189 kB)<\/span><\/a><\/p><p><img decoding=\"async\" class=\"alignnone size-full wp-image-45\" src=\"https:\/\/carepure.at\/wp-content\/uploads\/2020\/10\/download.png\" alt=\"\" width=\"25\" height=\"27\" \/> \u00a0<a class=\"znListItems-link\" href=\"https:\/\/www.care-pure.at\/wp-content\/uploads\/2019\/04\/beilage_informationspflicht_vzhb_betreuungskraft.pdf\" target=\"_blank\" rel=\"noopener\"><span class=\"znListItems-text\">Datenschutz &#8211; Betreuungskr\u00e4fte &#8211; Dokument (265 kB)<\/span><\/a><\/p><p><img decoding=\"async\" class=\"alignnone size-full wp-image-45\" src=\"https:\/\/carepure.at\/wp-content\/uploads\/2020\/10\/download.png\" alt=\"\" width=\"25\" height=\"27\" \/> \u00a0<a class=\"znListItems-link\" href=\"https:\/\/www.care-pure.at\/wp-content\/uploads\/2019\/04\/beilage_informationspflicht_vzhb_foerderwerber.pdf\" target=\"_blank\" rel=\"noopener\"><span class=\"znListItems-text\">Datenschutz &#8211; F\u00f6rderwerber\/innen &#8211; Dokument (272 kB)<\/span><\/a><\/p><p><img decoding=\"async\" class=\"alignnone size-full wp-image-45\" src=\"https:\/\/carepure.at\/wp-content\/uploads\/2020\/10\/download.png\" alt=\"\" width=\"25\" height=\"27\" \/> \u00a0<a class=\"znListItems-link\" href=\"https:\/\/www.care-pure.at\/wp-content\/uploads\/2019\/04\/pflege_24hb_wechsel_oder_zusaetzliche_selbst_betreuungskraft_antrag_bundesweit.doc\" target=\"_blank\" rel=\"noopener\"><span class=\"znListItems-text\">Wechsel oder den Zusatz von Betreuungspersonen &#8211; Dokument (173 kB)<\/span><\/a><\/p><p><img decoding=\"async\" class=\"alignnone size-full wp-image-45\" src=\"https:\/\/carepure.at\/wp-content\/uploads\/2020\/10\/download.png\" alt=\"\" width=\"25\" height=\"27\" \/> \u00a0<a class=\"znListItems-link\" href=\"https:\/\/www.care-pure.at\/wp-content\/uploads\/2019\/04\/sms_antrag_pflege_24h_konto-ueberweisung.doc\" target=\"_blank\" rel=\"noopener\"><span class=\"znListItems-text\">Kontoinformation f\u00fcr F\u00f6rderung &#8211; Dokument (46 kB)<\/span><\/a><\/p>\t\t\t\t\t\t\t\t<\/div>\n\t\t\t\t<\/div>\n\t\t\t\t\t<\/div>\n\t\t<\/div>\n\t\t\t\t<div class=\"aux-parallax-section elementor-column elementor-col-25 elementor-top-column elementor-element elementor-element-0fc8cdf\" data-id=\"0fc8cdf\" data-element_type=\"column\" data-e-type=\"column\">\n\t\t\t<div class=\"elementor-widget-wrap\">\n\t\t\t\t\t\t\t<\/div>\n\t\t<\/div>\n\t\t\t\t\t<\/div>\n\t\t<\/section>\n\t\t\t\t<\/div>\n\t\t","protected":false},"excerpt":{"rendered":"<p>F\u00f6rderung Allgemeine Informationen Personen, die Zuhause gepflegt werden, k\u00f6nnen unabh\u00e4ngig von ihrem Verm\u00f6gen eine finanzielle Unterst\u00fctzung in Form eines Zuschusses zur 24-Stunden-Betreuung erhalten. Die Betreuung muss gem\u00e4\u00df den Bestimmungen des Hausbetreuungsgesetzes erfolgen. Ansuchen Der Zuschuss kann fr\u00fchestens mit Beginn des Betreuungsverh\u00e4ltnisses gew\u00e4hrt werden. Ansuchen auf Gew\u00e4hrung eines Zuschusses sind nach M\u00f6glichkeit vor Beginn des Betreuungsverh\u00e4ltnisses [&hellip;]<\/p>\n","protected":false},"author":1,"featured_media":0,"parent":0,"menu_order":0,"comment_status":"closed","ping_status":"closed","template":"","meta":{"footnotes":""},"class_list":["post-416","page","type-page","status-publish","hentry"],"_links":{"self":[{"href":"https:\/\/carepure.at\/index.php\/wp-json\/wp\/v2\/pages\/416","targetHints":{"allow":["GET"]}}],"collection":[{"href":"https:\/\/carepure.at\/index.php\/wp-json\/wp\/v2\/pages"}],"about":[{"href":"https:\/\/carepure.at\/index.php\/wp-json\/wp\/v2\/types\/page"}],"author":[{"embeddable":true,"href":"https:\/\/carepure.at\/index.php\/wp-json\/wp\/v2\/users\/1"}],"replies":[{"embeddable":true,"href":"https:\/\/carepure.at\/index.php\/wp-json\/wp\/v2\/comments?post=416"}],"version-history":[{"count":27,"href":"https:\/\/carepure.at\/index.php\/wp-json\/wp\/v2\/pages\/416\/revisions"}],"predecessor-version":[{"id":727,"href":"https:\/\/carepure.at\/index.php\/wp-json\/wp\/v2\/pages\/416\/revisions\/727"}],"wp:attachment":[{"href":"https:\/\/carepure.at\/index.php\/wp-json\/wp\/v2\/media?parent=416"}],"curies":[{"name":"wp","href":"https:\/\/api.w.org\/{rel}","templated":true}]}}